{"id":122,"date":"2019-06-01T14:43:17","date_gmt":"2019-06-01T12:43:17","guid":{"rendered":"https:\/\/www.weisspfennig.net\/?page_id=122"},"modified":"2019-06-03T08:18:13","modified_gmt":"2019-06-03T06:18:13","slug":"datenschutz","status":"publish","type":"page","link":"https:\/\/www.weisspfennig.net\/?page_id=122","title":{"rendered":"Datenschutzerkl\u00e4rung"},"content":{"rendered":"<h2>1) Information \u00fcber die Erhebung personenbezogener Daten und Kontaktdaten des Verantwortlichen<\/h2>\n<p><b>1.1<\/b>\u2009Wir freuen uns, dass Sie unsere Website besuchen und bedanken uns f\u00fcr Ihr Interesse. Im Folgenden informieren wir Sie \u00fcber den Umgang mit Ihren personenbezogenen Daten bei Nutzung unserer Website. Personenbezogene Daten sind hierbei alle Daten, mit denen Sie pers\u00f6nlich identifiziert werden k\u00f6nnen.<\/p>\n<p><b>1.2<\/b>\u2009Verantwortlicher f\u00fcr die Datenverarbeitung auf dieser Website im Sinne der Datenschutz-Grundverordnung (DSGVO) ist J\u00f6rg Wei\u00dfpfennig, Wei\u00dfpfennig Komplettrenovierung, Edelwei\u00dfstra\u00dfe 3, 83539 Pfaffing, Deutschland, Tel.: 08067 \u2013 8897752, E-Mail: info@weisspfennig.net. Der f\u00fcr die Verarbeitung von personenbezogenen Daten Verantwortliche ist diejenige nat\u00fcrliche oder juristische Person, die allein oder gemeinsam mit anderen \u00fcber die Zwecke und Mittel der Verarbeitung von personenbezogenen Daten entscheidet.<\/p>\n<p><b>1.3<\/b>\u2009Der Verantwortliche hat einen Datenschutzbeauftragten bestellt, dieser ist wie folgt zu erreichen: &#8220;Hess und Wei\u00dfpfennig UG (haftungsbeschr\u00e4nkt) Christian Wei\u00dfpfennig, Kranzhornstr. 16A, 85567 Grafing b. M\u00fcnchen, Tel: 08092-2579854, christian{at}hess-weisspfennig.de&#8221;<\/p>\n","protected":false},"excerpt":{"rendered":"<p>1) Information \u00fcber die Erhebung personenbezogener Daten und Kontaktdaten des Verantwortlichen 1.1\u2009Wir freuen uns, dass Sie unsere Website besuchen und bedanken uns f\u00fcr Ihr Interesse. Im Folgenden informieren wir Sie \u00fcber den Umgang mit Ihren personenbezogenen Daten bei Nutzung unserer Website. Personenbezogene Daten sind hierbei alle Daten, mit denen Sie pers\u00f6nlich identifiziert werden k\u00f6nnen. 1.2\u2009Verantwortlicher<\/p><\/div>\n<div class=\"blog-btn\"><a href=\"https:\/\/www.weisspfennig.net\/?page_id=122\" class=\"home-blog-btn\">Weiterlesen<\/a><\/p>\n","protected":false},"author":1,"featured_media":0,"parent":0,"menu_order":0,"comment_status":"closed","ping_status":"closed","template":"","meta":[],"_links":{"self":[{"href":"https:\/\/www.weisspfennig.net\/index.php?rest_route=\/wp\/v2\/pages\/122"}],"collection":[{"href":"https:\/\/www.weisspfennig.net\/index.php?rest_route=\/wp\/v2\/pages"}],"about":[{"href":"https:\/\/www.weisspfennig.net\/index.php?rest_route=\/wp\/v2\/types\/page"}],"author":[{"embeddable":true,"href":"https:\/\/www.weisspfennig.net\/index.php?rest_route=\/wp\/v2\/users\/1"}],"replies":[{"embeddable":true,"href":"https:\/\/www.weisspfennig.net\/index.php?rest_route=%2Fwp%2Fv2%2Fcomments&post=122"}],"version-history":[{"count":20,"href":"https:\/\/www.weisspfennig.net\/index.php?rest_route=\/wp\/v2\/pages\/122\/revisions"}],"predecessor-version":[{"id":226,"href":"https:\/\/www.weisspfennig.net\/index.php?rest_route=\/wp\/v2\/pages\/122\/revisions\/226"}],"wp:attachment":[{"href":"https:\/\/www.weisspfennig.net\/index.php?rest_route=%2Fwp%2Fv2%2Fmedia&parent=122"}],"curies":[{"name":"wp","href":"https:\/\/api.w.org\/{rel}","templated":true}]}}